{"id":16,"date":"2022-05-08T01:20:27","date_gmt":"2022-05-08T01:20:27","guid":{"rendered":"https:\/\/sfpn.lip6.fr\/?page_id=16"},"modified":"2024-09-01T15:24:19","modified_gmt":"2024-09-01T15:24:19","slug":"useful-links","status":"publish","type":"page","link":"https:\/\/cca.lip6.fr\/en\/useful-links\/","title":{"rendered":"Useful links"},"content":{"rendered":"<ul class=\"wp-block-list\">\n<li><strong>Websites to check frequently:<\/strong><\/li>\n<\/ul>\n\n\n\n<p>Moodle&nbsp;: <a href=\"https:\/\/moodle-sciences.sorbonne-universite.fr\/my\/\" target=\"_blank\" rel=\"noreferrer noopener\">https:\/\/moodle-sciences.sorbonne-universite.fr\/my\/<\/a><\/p>\n\n\n\n<p class=\"translation-block\">Annual website 2023 of the Master\u00a0:\u00a0<a href=\"https:\/\/www-master.ufr-info-p6.jussieu.fr\/2023\/\" target=\"_self\">https:\/\/www-master.ufr-info-p6.jussieu.fr\/2023\/<\/a><\/p>\n\n\n\n<p>Online calendar:&nbsp;<a href=\"https:\/\/cal.ufr-info-p6.jussieu.fr\/master\/\">https:\/\/cal.ufr-info-p6.jussieu.fr\/master\/<\/a><\/p>\n\n\n\n<p>For this calendar, you have to select the calendar you want on the left menu. To see the rooms, hover over the concerned time slot.<\/p>\n\n\n\n<p class=\"translation-block\">If you follow a teaching unit from another program, you have to select the corresponding calendar in order to see it.<\/p>\n\n\n\n<ul class=\"wp-block-list\">\n<li><strong>Student guide<\/strong><\/li>\n<\/ul>\n\n\n\n<p><a href=\"https:\/\/guideetudiant.sorbonne-universite.fr\/2020\/06\/22\/les-sites-et-applis-indispensables\/\">https:\/\/guideetudiant.sorbonne-universite.fr\/2020\/06\/22\/les-sites-et-applis-indispensables\/<\/a><\/p>\n\n\n\n<ul class=\"wp-block-list\">\n<li><strong>Website to visualize grades<\/strong><\/li>\n<\/ul>\n\n\n\n<p><a href=\"https:\/\/www-master.ufr-info-p6.jussieu.fr\/2023\/?page=mesNotes\">https:\/\/www-master.ufr-info-p6.jussieu.fr\/2023\/?page=mesNotes<\/a><\/p>\n\n\n\n<ul class=\"wp-block-list\">\n<li><strong>Asking for documents<\/strong><\/li>\n<\/ul>\n\n\n\n<p class=\"translation-block\">All requests of documents (certificates, transcripts, ...) need to be done by email.<\/p>\n\n\n\n<p class=\"translation-block\">WARNING: make sure to anticipate requests that concern critical administrative tasks, and ask documents at least one week before the critical date.<\/p>\n\n\n\n<ul class=\"wp-block-list\">\n<li><strong>Getting your diploma<\/strong><\/li>\n<\/ul>\n\n\n\n<p class=\"translation-block\">The school office is responsible for editing and printing diplomas. You will find the procedure here:\u00a0<a href=\"https:\/\/sciences.sorbonne-universite.fr\/formation-sciences\/etudier-la-faculte\/scolarite\/demandes-de-diplomes-et-de-releves-de-notes\" target=\"_self\">https:\/\/sciences.sorbonne-universite.fr\/formation-sciences\/etudier-la-faculte\/scolarite\/demandes-de-diplomes-et-de-releves-de-notes<\/a>\u00a0<\/p>\n\n\n\n<p><\/p>\n\n\n\n<ul class=\"wp-block-list\">\n<li><strong>Accueil des \u00e9tudiants \u00e9trangers (hors programme \u00e9change)&nbsp;:<\/strong><\/li>\n<\/ul>\n\n\n\n<p><a href=\"https:\/\/sciences.sorbonne-universite.fr\/vie-de-campus-sciences\/accueil-et-aides-sociales\/accueil-des-etudiantes-et-etudiants-internationaux\">https:\/\/sciences.sorbonne-universite.fr\/vie-de-campus-sciences\/accueil-et-aides-sociales\/accueil-des-etudiantes-et-etudiants-internationaux<\/a><\/p>\n\n\n\n<p>For any problem or question, don't hesitate to come to the administrative office or to send an email.<\/p>","protected":false},"excerpt":{"rendered":"<p>Moodle&nbsp;: https:\/\/moodle-sciences.sorbonne-universite.fr\/my\/ Site annuel 2023 du Master&nbsp;:&nbsp;https:\/\/www-master.ufr-info-p6.jussieu.fr\/2023\/ Planning en ligne&nbsp;:&nbsp;https:\/\/cal.ufr-info-p6.jussieu.fr\/master\/ Vous devez s\u00e9lectionner le calendrier qui vous int\u00e9resse dans le menu \u00e0 gauche. Pour voir la salle d\u2019un cr\u00e9neau, il&hellip;<\/p>","protected":false},"author":1,"featured_media":0,"parent":0,"menu_order":0,"comment_status":"closed","ping_status":"closed","template":"","meta":{"footnotes":""},"class_list":["post-16","page","type-page","status-publish","hentry"],"_links":{"self":[{"href":"https:\/\/cca.lip6.fr\/en\/wp-json\/wp\/v2\/pages\/16","targetHints":{"allow":["GET"]}}],"collection":[{"href":"https:\/\/cca.lip6.fr\/en\/wp-json\/wp\/v2\/pages"}],"about":[{"href":"https:\/\/cca.lip6.fr\/en\/wp-json\/wp\/v2\/types\/page"}],"author":[{"embeddable":true,"href":"https:\/\/cca.lip6.fr\/en\/wp-json\/wp\/v2\/users\/1"}],"replies":[{"embeddable":true,"href":"https:\/\/cca.lip6.fr\/en\/wp-json\/wp\/v2\/comments?post=16"}],"version-history":[{"count":16,"href":"https:\/\/cca.lip6.fr\/en\/wp-json\/wp\/v2\/pages\/16\/revisions"}],"predecessor-version":[{"id":258,"href":"https:\/\/cca.lip6.fr\/en\/wp-json\/wp\/v2\/pages\/16\/revisions\/258"}],"wp:attachment":[{"href":"https:\/\/cca.lip6.fr\/en\/wp-json\/wp\/v2\/media?parent=16"}],"curies":[{"name":"wp","href":"https:\/\/api.w.org\/{rel}","templated":true}]}}