{"id":22,"date":"2022-05-08T01:22:37","date_gmt":"2022-05-08T01:22:37","guid":{"rendered":"https:\/\/sfpn.lip6.fr\/?page_id=22"},"modified":"2024-09-05T08:29:49","modified_gmt":"2024-09-05T08:29:49","slug":"contactinfo","status":"publish","type":"page","link":"https:\/\/cca.lip6.fr\/en\/contactinfo\/","title":{"rendered":"Contact &#038; Info"},"content":{"rendered":"<h3 class=\"wp-block-heading\">Head of the program CCA<\/h3>\n\n\n\n<p>Vincent NEIGER and Mohab SAFEY EL DIN<\/p>\n\n\n\n<h3 class=\"wp-block-heading\">Administrative assistant<\/h3>\n\n\n\n<p>Yanny DICOT<\/p>\n\n\n\n<ul class=\"wp-block-list\">\n<li><strong>Office opening hours<\/strong><\/li>\n<\/ul>\n\n\n\n<p class=\"translation-block\">The office is open from<strong> Tuesday\u00a0to Friday<\/strong> from\u00a0<strong>8h15 to 11h45\u00a0<\/strong>and<strong>\u00a014h to 16h\u00a0<br>\u00a0 \u00a0 \u00a0 \u00a0 \u00a0 \u00a0 \u00a0 \u00a0 \u00a0 \u00a0 \u00a0 \u00a0 \u00a0 \u00a0 \u00a0 \u00a0 \u00a0 \u00a0 \u00a0 \u00a0 Remote work: Monday from 8h to 16h30, reachable by email\u00a0<\/strong><\/p>\n\n\n\n<ul class=\"wp-block-list\">\n<li><strong>Where?<\/strong><\/li>\n<\/ul>\n\n\n\n<p class=\"translation-block\">Office <strong>24.25.227<\/strong> (tower 25, second floor, corridor 24-25, office 227)<\/p>\n\n\n\n<ul class=\"wp-block-list\">\n<li><strong>Contacts<\/strong><\/li>\n<\/ul>\n\n\n\n<p>Mail secr\u00e9tariat&nbsp;:&nbsp;yanny.dicot@ufr-info-p6.jussieu.fr<\/p>\n\n\n\n<p>Mail responsables &amp; secr\u00e9tariat\u00a0:\u00a0sciences-master-info-cca@listes.sorbonne-universite.fr<\/p>\n\n\n\n<ul class=\"wp-block-list\">\n<li><strong>School office contact<\/strong><\/li>\n<\/ul>\n\n\n\n<p><a href=\"mailto:sciences-DFIPVE-L2M2scol@sorbonne-universite.fr\">sciences-DFIPVE-L2M2scol@sorbonne-universite.fr<\/a><\/p>\n\n\n\n<p>Tel. : 01 44 27 35 65<\/p>\n\n\n\n<ul class=\"wp-block-list\">\n<li><strong>Signature of emails<\/strong><\/li>\n<\/ul>\n\n\n\n<p>Your emails need to be signed with your first name, family name, and student number.&nbsp;<strong>nom<\/strong>, votre&nbsp;<strong>pr\u00e9nom<\/strong>&nbsp;et votre&nbsp;<strong>num\u00e9ro d\u2019\u00e9tudiant<\/strong>.<\/p>\n\n\n\n<h3 class=\"wp-block-heading\">Student email address<\/h3>\n\n\n\n<p class=\"translation-block\">From mid-October, all emails will be sent to you on your student email address. Make sure to read it every day. Recently, there have been problems with email reception: please do not redirect your Sorbonne Universit\u00e9 emails to another personal address of yours.<\/p>","protected":false},"excerpt":{"rendered":"<p>Responsable de la formation (parcours CCA) Vincent NEIGER et Mohab SAFEY EL DIN Secr\u00e9tariat Yanny DICOT Le secr\u00e9tariat est ouvert du Mardi&nbsp;au vendredi de&nbsp;8h15 \u00e0 11h45&nbsp;et&nbsp;de 14h \u00e0 16h&nbsp;&nbsp; &nbsp;&hellip;<\/p>","protected":false},"author":1,"featured_media":0,"parent":0,"menu_order":0,"comment_status":"closed","ping_status":"closed","template":"","meta":{"footnotes":""},"class_list":["post-22","page","type-page","status-publish","hentry"],"_links":{"self":[{"href":"https:\/\/cca.lip6.fr\/en\/wp-json\/wp\/v2\/pages\/22","targetHints":{"allow":["GET"]}}],"collection":[{"href":"https:\/\/cca.lip6.fr\/en\/wp-json\/wp\/v2\/pages"}],"about":[{"href":"https:\/\/cca.lip6.fr\/en\/wp-json\/wp\/v2\/types\/page"}],"author":[{"embeddable":true,"href":"https:\/\/cca.lip6.fr\/en\/wp-json\/wp\/v2\/users\/1"}],"replies":[{"embeddable":true,"href":"https:\/\/cca.lip6.fr\/en\/wp-json\/wp\/v2\/comments?post=22"}],"version-history":[{"count":19,"href":"https:\/\/cca.lip6.fr\/en\/wp-json\/wp\/v2\/pages\/22\/revisions"}],"predecessor-version":[{"id":266,"href":"https:\/\/cca.lip6.fr\/en\/wp-json\/wp\/v2\/pages\/22\/revisions\/266"}],"wp:attachment":[{"href":"https:\/\/cca.lip6.fr\/en\/wp-json\/wp\/v2\/media?parent=22"}],"curies":[{"name":"wp","href":"https:\/\/api.w.org\/{rel}","templated":true}]}}